{"id":7,"date":"2018-10-29T15:20:25","date_gmt":"2018-10-29T18:20:25","guid":{"rendered":"https:\/\/chefert.com.br\/?page_id=7"},"modified":"2023-10-04T16:16:56","modified_gmt":"2023-10-04T19:16:56","slug":"about-us","status":"publish","type":"page","link":"https:\/\/origrains.com.br\/pb\/about-us\/","title":{"rendered":"EMPRESA"},"content":{"rendered":"<p><strong>Origrains Agroneg\u00f3cios Ltda<\/strong> \u00e9 respons\u00e1vel por adquirir gr\u00e3os das melhores origens brasileiras para atender \u00e0s demandas de nossos clientes ao redor do mundo, mantendo assim um fluxo cont\u00ednuo na cadeia de fertilizantes e commodities.<\/p>\n<p>Nossa empresa est\u00e1 focada em manter um bom relacionamento com nossos fornecedores e consequentemente manter produtos de origem sustent\u00e1vel.<\/p>\n<p>Como importante fornecedora de commodities, a <strong>Origrains<\/strong> \u00e9 membro ativo da <strong>ABBART, \u201cAssocia\u00e7\u00e3o Brasileira de Barter\u201d<\/strong>, a sinergia entre nossa equipe de vendas de commodities e compra de fertilizantes torna nossa empresa forte e bem equilibrada.<\/p>\n<p>&nbsp;<\/p>\n<p><img decoding=\"async\" loading=\"lazy\" class=\"size-medium wp-image-1362 aligncenter\" src=\"https:\/\/origrains.com.br\/wp-content\/uploads\/2023\/10\/ABBART-LOGO-300x96.png\" alt=\"\" width=\"300\" height=\"96\" srcset=\"https:\/\/origrains.com.br\/wp-content\/uploads\/2023\/10\/ABBART-LOGO-300x96.png 300w, https:\/\/origrains.com.br\/wp-content\/uploads\/2023\/10\/ABBART-LOGO-1024x327.png 1024w, https:\/\/origrains.com.br\/wp-content\/uploads\/2023\/10\/ABBART-LOGO-768x245.png 768w, https:\/\/origrains.com.br\/wp-content\/uploads\/2023\/10\/ABBART-LOGO.png 1311w\" sizes=\"(max-width: 300px) 100vw, 300px\" \/><\/p>\n<p>&nbsp;<\/p>\n<p><em><strong>ORIGRAINS COMO FORNECEDOR DE COMMODITIY:<\/strong><\/em><\/p>\n<p>A Origrains est\u00e1 totalmente focada no suporte e entrega de produtos como <a href=\"https:\/\/origrains.com.br\/pb\/product-type\/product\/\">soja e farelo de soja, milho amarelo, a\u00e7\u00facar e arroz (gr\u00e3o longo &#8211; branco e parboilizado).<\/a><\/p>\n<p>Somo muito bem conectados em todos os Estados produtores brasileiros, podemos afirmar que estamos comprometidos em prestar os melhores servi\u00e7os aos nossos clientes. Gr\u00e3os na quantidade certa, na hora certa.<\/p>","protected":false},"excerpt":{"rendered":"<p>Origrains Agroneg\u00f3cios Ltda \u00e9 respons\u00e1vel por adquirir gr\u00e3os das melhores origens brasileiras para atender \u00e0s demandas de nossos clientes ao redor do mundo, mantendo assim um fluxo cont\u00ednuo na cadeia de fertilizantes e commodities. Nossa empresa est\u00e1 focada em manter um bom relacionamento com nossos fornecedores e consequentemente manter produtos de origem sustent\u00e1vel. Como importante [&hellip;]<\/p>\n","protected":false},"author":1,"featured_media":0,"parent":0,"menu_order":0,"comment_status":"closed","ping_status":"closed","template":"","meta":{"footnotes":""},"acf":[],"_links":{"self":[{"href":"https:\/\/origrains.com.br\/pb\/wp-json\/wp\/v2\/pages\/7"}],"collection":[{"href":"https:\/\/origrains.com.br\/pb\/wp-json\/wp\/v2\/pages"}],"about":[{"href":"https:\/\/origrains.com.br\/pb\/wp-json\/wp\/v2\/types\/page"}],"author":[{"embeddable":true,"href":"https:\/\/origrains.com.br\/pb\/wp-json\/wp\/v2\/users\/1"}],"replies":[{"embeddable":true,"href":"https:\/\/origrains.com.br\/pb\/wp-json\/wp\/v2\/comments?post=7"}],"version-history":[{"count":23,"href":"https:\/\/origrains.com.br\/pb\/wp-json\/wp\/v2\/pages\/7\/revisions"}],"predecessor-version":[{"id":1364,"href":"https:\/\/origrains.com.br\/pb\/wp-json\/wp\/v2\/pages\/7\/revisions\/1364"}],"wp:attachment":[{"href":"https:\/\/origrains.com.br\/pb\/wp-json\/wp\/v2\/media?parent=7"}],"curies":[{"name":"wp","href":"https:\/\/api.w.org\/{rel}","templated":true}]}}