{"id":1432,"date":"2023-10-06T15:11:14","date_gmt":"2023-10-06T18:11:14","guid":{"rendered":"https:\/\/origrains.com.br\/?page_id=1432"},"modified":"2023-10-09T14:40:46","modified_gmt":"2023-10-09T17:40:46","slug":"fertilizantes","status":"publish","type":"page","link":"https:\/\/origrains.com.br\/pb\/fertilizantes\/","title":{"rendered":"FERTILIZANTES"},"content":{"rendered":"<p>O expertise da empresa \u00e9 a importa\u00e7\u00e3o e comercializa\u00e7\u00e3o de fertilizantes s\u00f3lidos e foliares, para atender inicialmente a regi\u00e3o Sul, Sudeste e Centro-oeste do Brasil, e, ap\u00f3s a consolida\u00e7\u00e3o deste mercado, expandir para outras regi\u00f5es, conforme plano estrat\u00e9gico definido.<\/p>\n<p>Hoje, definindo novos objetivos, uma nova linha de planeamento para responder \u00e0s necessidades do mercado, o grupo adaptou-se a um novo tipo de neg\u00f3cio, definindo departamentos especializados para cada atividade.<\/p>\n<p>Como membro ativo da ABBART, \u201cAssocia\u00e7\u00e3o Brasileira de Barter\u201d, a sinergia entre nossa equipe de vendas de commodities e compra de fertilizantes, ACGT QU\u00cdMICA LTDA torna nossa empresa forte e equilibrada.<\/p>\n<p>&nbsp;<\/p>\n<p>&nbsp;<\/p>\n<p><img decoding=\"async\" loading=\"lazy\" class=\"size-full wp-image-1427 aligncenter\" src=\"https:\/\/origrains.com.br\/wp-content\/uploads\/2023\/10\/logo-acgt.png\" alt=\"\" width=\"250\" height=\"75\" \/><\/p>\n<p style=\"text-align: center;\">www.acgtquimica.com.br<\/p>\n<p><\/p>","protected":false},"excerpt":{"rendered":"<p>O expertise da empresa \u00e9 a importa\u00e7\u00e3o e comercializa\u00e7\u00e3o de fertilizantes s\u00f3lidos e foliares, para atender inicialmente a regi\u00e3o Sul, Sudeste e Centro-oeste do Brasil, e, ap\u00f3s a consolida\u00e7\u00e3o deste mercado, expandir para outras regi\u00f5es, conforme plano estrat\u00e9gico definido. Hoje, definindo novos objetivos, uma nova linha de planeamento para responder \u00e0s necessidades do mercado, o [&hellip;]<\/p>\n","protected":false},"author":1,"featured_media":0,"parent":0,"menu_order":0,"comment_status":"closed","ping_status":"closed","template":"","meta":{"footnotes":""},"acf":[],"_links":{"self":[{"href":"https:\/\/origrains.com.br\/pb\/wp-json\/wp\/v2\/pages\/1432"}],"collection":[{"href":"https:\/\/origrains.com.br\/pb\/wp-json\/wp\/v2\/pages"}],"about":[{"href":"https:\/\/origrains.com.br\/pb\/wp-json\/wp\/v2\/types\/page"}],"author":[{"embeddable":true,"href":"https:\/\/origrains.com.br\/pb\/wp-json\/wp\/v2\/users\/1"}],"replies":[{"embeddable":true,"href":"https:\/\/origrains.com.br\/pb\/wp-json\/wp\/v2\/comments?post=1432"}],"version-history":[{"count":11,"href":"https:\/\/origrains.com.br\/pb\/wp-json\/wp\/v2\/pages\/1432\/revisions"}],"predecessor-version":[{"id":1451,"href":"https:\/\/origrains.com.br\/pb\/wp-json\/wp\/v2\/pages\/1432\/revisions\/1451"}],"wp:attachment":[{"href":"https:\/\/origrains.com.br\/pb\/wp-json\/wp\/v2\/media?parent=1432"}],"curies":[{"name":"wp","href":"https:\/\/api.w.org\/{rel}","templated":true}]}}