{"id":7,"date":"2018-10-29T15:20:25","date_gmt":"2018-10-29T18:20:25","guid":{"rendered":"https:\/\/chefert.com.br\/?page_id=7"},"modified":"2023-10-04T16:16:56","modified_gmt":"2023-10-04T19:16:56","slug":"about-us","status":"publish","type":"page","link":"https:\/\/origrains.com.br\/es\/about-us\/","title":{"rendered":"SOBRE"},"content":{"rendered":"<p><strong>Origrains Agroneg\u00f3cios Ltda<\/strong> es responsable de abastecer granos de los mejores or\u00edgenes brasile\u00f1os para satisfacer las demandas de nuestros clientes en todo el mundo, manteniendo as\u00ed un flujo continuo en la cadena de fertilizantes y commodities.<\/p>\n<p>Nuestra empresa est\u00e1 enfocada en sostener una buena relaci\u00f3n con nuestros proveedores consecuentemente mantener productos de origen sustentable.<\/p>\n<p>Como importante proveedor de commodities, <strong>Origrains<\/strong> es un miembro activo de <strong>ABBART, &#8220;la Asociaci\u00f3n Brasile\u00f1a de Barter&#8221;<\/strong>, la sinergia entre nuestro equipo de ventas de commodities y compra de fertilizantes hace que nuestra empresa sea fuerte y equilibrada.<\/p>\n<p>&nbsp;<\/p>\n<p><img decoding=\"async\" loading=\"lazy\" class=\"size-medium wp-image-1362 aligncenter\" src=\"https:\/\/origrains.com.br\/wp-content\/uploads\/2023\/10\/ABBART-LOGO-300x96.png\" alt=\"\" width=\"300\" height=\"96\" srcset=\"https:\/\/origrains.com.br\/wp-content\/uploads\/2023\/10\/ABBART-LOGO-300x96.png 300w, https:\/\/origrains.com.br\/wp-content\/uploads\/2023\/10\/ABBART-LOGO-1024x327.png 1024w, https:\/\/origrains.com.br\/wp-content\/uploads\/2023\/10\/ABBART-LOGO-768x245.png 768w, https:\/\/origrains.com.br\/wp-content\/uploads\/2023\/10\/ABBART-LOGO.png 1311w\" sizes=\"(max-width: 300px) 100vw, 300px\" \/><\/p>\n<p>&nbsp;<\/p>\n<p><em><strong>ORIGRAINS COMO PROVEEDOR DE COMMODITIES:<\/strong><\/em><\/p>\n<p>Origrains est\u00e1 totalmente enfocado en respaldar y entregar productos como <a href=\"https:\/\/origrains.com.br\/es\/product-type\/product\/\">soja y harina de soja, ma\u00edz amarillo, az\u00facar y arroz (de grano largo, blanco y sancochado).<\/a><\/p>\n<p>Bien conectados en todos los Estados productores brasile\u00f1os, podemos decir que estamos comprometidos a brindar los mejores servicios a nuestros clientes. Granos en el volumen adecuado, en el momento adecuado.<\/p>","protected":false},"excerpt":{"rendered":"<p>Origrains Agroneg\u00f3cios Ltda es responsable de abastecer granos de los mejores or\u00edgenes brasile\u00f1os para satisfacer las demandas de nuestros clientes en todo el mundo, manteniendo as\u00ed un flujo continuo en la cadena de fertilizantes y commodities. Nuestra empresa est\u00e1 enfocada en sostener una buena relaci\u00f3n con nuestros proveedores consecuentemente mantener productos de origen sustentable. Como [&hellip;]<\/p>\n","protected":false},"author":1,"featured_media":0,"parent":0,"menu_order":0,"comment_status":"closed","ping_status":"closed","template":"","meta":{"footnotes":""},"acf":[],"_links":{"self":[{"href":"https:\/\/origrains.com.br\/es\/wp-json\/wp\/v2\/pages\/7"}],"collection":[{"href":"https:\/\/origrains.com.br\/es\/wp-json\/wp\/v2\/pages"}],"about":[{"href":"https:\/\/origrains.com.br\/es\/wp-json\/wp\/v2\/types\/page"}],"author":[{"embeddable":true,"href":"https:\/\/origrains.com.br\/es\/wp-json\/wp\/v2\/users\/1"}],"replies":[{"embeddable":true,"href":"https:\/\/origrains.com.br\/es\/wp-json\/wp\/v2\/comments?post=7"}],"version-history":[{"count":23,"href":"https:\/\/origrains.com.br\/es\/wp-json\/wp\/v2\/pages\/7\/revisions"}],"predecessor-version":[{"id":1364,"href":"https:\/\/origrains.com.br\/es\/wp-json\/wp\/v2\/pages\/7\/revisions\/1364"}],"wp:attachment":[{"href":"https:\/\/origrains.com.br\/es\/wp-json\/wp\/v2\/media?parent=7"}],"curies":[{"name":"wp","href":"https:\/\/api.w.org\/{rel}","templated":true}]}}