{"id":1432,"date":"2023-10-06T15:11:14","date_gmt":"2023-10-06T18:11:14","guid":{"rendered":"https:\/\/origrains.com.br\/?page_id=1432"},"modified":"2023-10-09T14:40:46","modified_gmt":"2023-10-09T17:40:46","slug":"fertilizantes","status":"publish","type":"page","link":"https:\/\/origrains.com.br\/es\/fertilizantes\/","title":{"rendered":"FERTILIZANTES"},"content":{"rendered":"<p>La empresa tiene como especialidad la importaci\u00f3n y comercializaci\u00f3n de fertilizantes s\u00f3lidos y foliares, para atender inicialmente las regiones Sur, Sudeste y Centro-Oeste de Brasil y, tras la consolidaci\u00f3n de ese mercado, expandirse para otras regiones, seg\u00fan el plan estrat\u00e9gico definido.<\/p>\n<p>Hoy, definiendo nuevos objetivos, una nueva l\u00ednea de planificaci\u00f3n para dar respuesta a las necesidades del mercado, el grupo se ha adaptado a un nuevo tipo de negocio, definiendo departamentos especializados para cada actividad.<\/p>\n<p>Como miembro activo de ABBART, \u201cAsociaci\u00f3n Brasile\u00f1a de Barter\u201d, la sinergia entre nuestro equipo de venta de productos b\u00e1sicos y compra de fertilizantes, ACGT QU\u00cdMICA LTDA hace que nuestra empresa sea fuerte y equilibrada.<\/p>\n<p>&nbsp;<\/p>\n<p>&nbsp;<\/p>\n<p><img decoding=\"async\" loading=\"lazy\" class=\"size-full wp-image-1427 aligncenter\" src=\"https:\/\/origrains.com.br\/wp-content\/uploads\/2023\/10\/logo-acgt.png\" alt=\"\" width=\"250\" height=\"75\" \/><\/p>\n<p style=\"text-align: center;\">www.acgtquimica.com.br<\/p>\n<p><\/p>","protected":false},"excerpt":{"rendered":"<p>La empresa tiene como especialidad la importaci\u00f3n y comercializaci\u00f3n de fertilizantes s\u00f3lidos y foliares, para atender inicialmente las regiones Sur, Sudeste y Centro-Oeste de Brasil y, tras la consolidaci\u00f3n de ese mercado, expandirse para otras regiones, seg\u00fan el plan estrat\u00e9gico definido. Hoy, definiendo nuevos objetivos, una nueva l\u00ednea de planificaci\u00f3n para dar respuesta a las [&hellip;]<\/p>\n","protected":false},"author":1,"featured_media":0,"parent":0,"menu_order":0,"comment_status":"closed","ping_status":"closed","template":"","meta":{"footnotes":""},"acf":[],"_links":{"self":[{"href":"https:\/\/origrains.com.br\/es\/wp-json\/wp\/v2\/pages\/1432"}],"collection":[{"href":"https:\/\/origrains.com.br\/es\/wp-json\/wp\/v2\/pages"}],"about":[{"href":"https:\/\/origrains.com.br\/es\/wp-json\/wp\/v2\/types\/page"}],"author":[{"embeddable":true,"href":"https:\/\/origrains.com.br\/es\/wp-json\/wp\/v2\/users\/1"}],"replies":[{"embeddable":true,"href":"https:\/\/origrains.com.br\/es\/wp-json\/wp\/v2\/comments?post=1432"}],"version-history":[{"count":11,"href":"https:\/\/origrains.com.br\/es\/wp-json\/wp\/v2\/pages\/1432\/revisions"}],"predecessor-version":[{"id":1451,"href":"https:\/\/origrains.com.br\/es\/wp-json\/wp\/v2\/pages\/1432\/revisions\/1451"}],"wp:attachment":[{"href":"https:\/\/origrains.com.br\/es\/wp-json\/wp\/v2\/media?parent=1432"}],"curies":[{"name":"wp","href":"https:\/\/api.w.org\/{rel}","templated":true}]}}